{"id":808,"date":"2024-06-27T11:55:52","date_gmt":"2024-06-27T11:55:52","guid":{"rendered":"https:\/\/blessingloaf.com\/?post_type=product&#038;p=808"},"modified":"2025-05-25T18:27:07","modified_gmt":"2025-05-25T18:27:07","slug":"respiracion-de-la-mariposa","status":"publish","type":"product","link":"https:\/\/blessingloaf.com\/index.php\/product\/respiracion-de-la-mariposa\/","title":{"rendered":"Respiraci\u00f3n de la mariposa"},"content":{"rendered":"<p>La t\u00e9cnica de la RESPIRACI\u00d3N DE LA MARIPOSA eb f\u00e1cil y la puedemos ense\u00f1ar a nuestros hijos desde los 2 a\u00f1os en adelante y t\u00fa mami tambi\u00e9n puedes practicarla, as\u00ed la ansiedad se va y vuelven a reconectar.<\/p>\n","protected":false},"excerpt":{"rendered":"<p>Ebook donde aprender\u00e1s la t\u00e9cnica de la RESPIRACION DE LA MARIPOSA.<\/p>\n<p>Baja tu nivel de estr\u00e9, controla y regula tus emosiones<\/p>\n","protected":false},"featured_media":810,"comment_status":"open","ping_status":"closed","template":"","meta":{"_et_pb_use_builder":"","_et_pb_old_content":"","_et_gb_content_width":""},"product_brand":[],"product_cat":[117,33],"product_tag":[119,120,118],"class_list":{"0":"post-808","1":"product","2":"type-product","3":"status-publish","4":"has-post-thumbnail","6":"product_cat-reconecta","7":"product_cat-libros-digitales","8":"product_tag-estres","9":"product_tag-menejar-el-estres","10":"product_tag-respiracion-de-la-mariposa","12":"first","13":"instock","14":"downloadable","15":"virtual","16":"taxable","17":"purchasable","18":"product-type-simple"},"jetpack_sharing_enabled":true,"_links":{"self":[{"href":"https:\/\/blessingloaf.com\/index.php\/wp-json\/wp\/v2\/product\/808","targetHints":{"allow":["GET"]}}],"collection":[{"href":"https:\/\/blessingloaf.com\/index.php\/wp-json\/wp\/v2\/product"}],"about":[{"href":"https:\/\/blessingloaf.com\/index.php\/wp-json\/wp\/v2\/types\/product"}],"replies":[{"embeddable":true,"href":"https:\/\/blessingloaf.com\/index.php\/wp-json\/wp\/v2\/comments?post=808"}],"wp:featuredmedia":[{"embeddable":true,"href":"https:\/\/blessingloaf.com\/index.php\/wp-json\/wp\/v2\/media\/810"}],"wp:attachment":[{"href":"https:\/\/blessingloaf.com\/index.php\/wp-json\/wp\/v2\/media?parent=808"}],"wp:term":[{"taxonomy":"product_brand","embeddable":true,"href":"https:\/\/blessingloaf.com\/index.php\/wp-json\/wp\/v2\/product_brand?post=808"},{"taxonomy":"product_cat","embeddable":true,"href":"https:\/\/blessingloaf.com\/index.php\/wp-json\/wp\/v2\/product_cat?post=808"},{"taxonomy":"product_tag","embeddable":true,"href":"https:\/\/blessingloaf.com\/index.php\/wp-json\/wp\/v2\/product_tag?post=808"}],"curies":[{"name":"wp","href":"https:\/\/api.w.org\/{rel}","templated":true}]}}