{"id":728,"date":"2023-04-13T22:35:40","date_gmt":"2023-04-13T22:35:40","guid":{"rendered":"https:\/\/blessingloaf.com\/?post_type=product&#038;p=728"},"modified":"2026-02-22T06:08:53","modified_gmt":"2026-02-22T06:08:53","slug":"le-milagro-mas-grande-espanol-digital","status":"publish","type":"product","link":"https:\/\/blessingloaf.com\/index.php\/product\/le-milagro-mas-grande-espanol-digital\/","title":{"rendered":"El milagro m\u00e1s grande (espa\u00f1ol-digital)"},"content":{"rendered":"<p>Cuento infantil ilustrado a todo color que nos cuenta algunos de los milagros de Jes\u00fas hasta llegar al m\u00e1s grande milagro hecho por \u00c9l.<\/p>\n<p>\u2022 44 p\u00e1ginas<br \/>\n\u2022 Formato PDF<\/p>\n","protected":false},"excerpt":{"rendered":"<p>Cuento infantil ilustrado a todo color que nos cuenta algunos de los milagros de Jes\u00fas hasta llegar al m\u00e1s grande milagro hecho por \u00c9l.<\/p>\n<p>\u2022 22 p\u00e1ginas<br \/>\n\u2022 Formato digital PDF<\/p>\n","protected":false},"featured_media":730,"comment_status":"open","ping_status":"closed","template":"","meta":{"_et_pb_use_builder":"","_et_pb_old_content":"","_et_gb_content_width":""},"product_brand":[],"product_cat":[33,34],"product_tag":[92,108,29,107,106,109],"class_list":{"0":"post-728","1":"product","2":"type-product","3":"status-publish","4":"has-post-thumbnail","6":"product_cat-libros-digitales","7":"product_cat-digital-infantil","8":"product_tag-el-milagro-mas-grande","9":"product_tag-grandes-milagros","10":"product_tag-libro-infantil","11":"product_tag-los-milagros","12":"product_tag-losmilagros-de-jesus","13":"product_tag-milagro","15":"first","16":"instock","17":"featured","18":"downloadable","19":"virtual","20":"taxable","21":"purchasable","22":"product-type-simple"},"jetpack_sharing_enabled":true,"_links":{"self":[{"href":"https:\/\/blessingloaf.com\/index.php\/wp-json\/wp\/v2\/product\/728","targetHints":{"allow":["GET"]}}],"collection":[{"href":"https:\/\/blessingloaf.com\/index.php\/wp-json\/wp\/v2\/product"}],"about":[{"href":"https:\/\/blessingloaf.com\/index.php\/wp-json\/wp\/v2\/types\/product"}],"replies":[{"embeddable":true,"href":"https:\/\/blessingloaf.com\/index.php\/wp-json\/wp\/v2\/comments?post=728"}],"wp:featuredmedia":[{"embeddable":true,"href":"https:\/\/blessingloaf.com\/index.php\/wp-json\/wp\/v2\/media\/730"}],"wp:attachment":[{"href":"https:\/\/blessingloaf.com\/index.php\/wp-json\/wp\/v2\/media?parent=728"}],"wp:term":[{"taxonomy":"product_brand","embeddable":true,"href":"https:\/\/blessingloaf.com\/index.php\/wp-json\/wp\/v2\/product_brand?post=728"},{"taxonomy":"product_cat","embeddable":true,"href":"https:\/\/blessingloaf.com\/index.php\/wp-json\/wp\/v2\/product_cat?post=728"},{"taxonomy":"product_tag","embeddable":true,"href":"https:\/\/blessingloaf.com\/index.php\/wp-json\/wp\/v2\/product_tag?post=728"}],"curies":[{"name":"wp","href":"https:\/\/api.w.org\/{rel}","templated":true}]}}