{"id":714,"date":"2023-01-12T22:58:12","date_gmt":"2023-01-12T22:58:12","guid":{"rendered":"https:\/\/blessingloaf.com\/?post_type=product&#038;p=714"},"modified":"2023-01-12T22:59:34","modified_gmt":"2023-01-12T22:59:34","slug":"journal-flecha","status":"publish","type":"product","link":"https:\/\/blessingloaf.com\/index.php\/product\/journal-flecha\/","title":{"rendered":"Journal FLECHA"},"content":{"rendered":"<ul>\n<li>Portada pintada a mano<\/li>\n<li>100 p\u00e1ginas blanco y negro<\/li>\n<li>Espiral met\u00e1lico<\/li>\n<li>Tama\u00f1o 21&#215;15 cm<\/li>\n<\/ul>\n","protected":false},"excerpt":{"rendered":"<p><strong>Diario personal de oraci\u00f3n \/ Portada \u00fanica pintada a mano<\/strong><\/p>\n<p>En este diario llevar\u00e1s un registro de los mensajes, palabras y revelaciones que recibas en tus momentos de intimidad en oraci\u00f3n y meditaci\u00f3n de crecimiento espiritual.<\/p>\n","protected":false},"featured_media":707,"comment_status":"open","ping_status":"closed","template":"","meta":{"_et_pb_use_builder":"off","_et_pb_old_content":"<ul>\r\n \t<li>Portada pintada a mano<\/li>\r\n \t<li>100 p\u00e1ginas blanco y negro<\/li>\r\n \t<li>Espiral met\u00e1lico<\/li>\r\n \t<li>Tama\u00f1o 21x15 cm<\/li>\r\n<\/ul>","_et_gb_content_width":""},"product_brand":[],"product_cat":[94],"product_tag":[102,100,97,98,96,95,101,99],"class_list":{"0":"post-714","1":"product","2":"type-product","3":"status-publish","4":"has-post-thumbnail","6":"product_cat-journals","7":"product_tag-agenda","8":"product_tag-agenda-personal","9":"product_tag-diario","10":"product_tag-diario-de-oracion","11":"product_tag-journal","12":"product_tag-journals","13":"product_tag-personal","14":"product_tag-pray-journal","16":"first","17":"instock","18":"taxable","19":"shipping-taxable","20":"purchasable","21":"product-type-simple"},"jetpack_sharing_enabled":true,"_links":{"self":[{"href":"https:\/\/blessingloaf.com\/index.php\/wp-json\/wp\/v2\/product\/714","targetHints":{"allow":["GET"]}}],"collection":[{"href":"https:\/\/blessingloaf.com\/index.php\/wp-json\/wp\/v2\/product"}],"about":[{"href":"https:\/\/blessingloaf.com\/index.php\/wp-json\/wp\/v2\/types\/product"}],"replies":[{"embeddable":true,"href":"https:\/\/blessingloaf.com\/index.php\/wp-json\/wp\/v2\/comments?post=714"}],"wp:featuredmedia":[{"embeddable":true,"href":"https:\/\/blessingloaf.com\/index.php\/wp-json\/wp\/v2\/media\/707"}],"wp:attachment":[{"href":"https:\/\/blessingloaf.com\/index.php\/wp-json\/wp\/v2\/media?parent=714"}],"wp:term":[{"taxonomy":"product_brand","embeddable":true,"href":"https:\/\/blessingloaf.com\/index.php\/wp-json\/wp\/v2\/product_brand?post=714"},{"taxonomy":"product_cat","embeddable":true,"href":"https:\/\/blessingloaf.com\/index.php\/wp-json\/wp\/v2\/product_cat?post=714"},{"taxonomy":"product_tag","embeddable":true,"href":"https:\/\/blessingloaf.com\/index.php\/wp-json\/wp\/v2\/product_tag?post=714"}],"curies":[{"name":"wp","href":"https:\/\/api.w.org\/{rel}","templated":true}]}}