{"id":326,"date":"2022-06-27T11:00:00","date_gmt":"2022-06-27T11:00:00","guid":{"rendered":"https:\/\/blessingloaf.com\/?post_type=product&#038;p=326"},"modified":"2022-06-27T11:16:20","modified_gmt":"2022-06-27T11:16:20","slug":"el-valle-de-los-espejos-espanol","status":"publish","type":"product","link":"https:\/\/blessingloaf.com\/index.php\/product\/el-valle-de-los-espejos-espanol\/","title":{"rendered":"El Valle de los espejos (espa\u00f1ol)"},"content":{"rendered":"<p>Libro infantil que cuenta la historia de la peque\u00f1a ratona Anal\u00eds que vive en el valle de los espejos y su aventura al perder su espejo personal y verse ante el reflejo de los dem\u00e1s. Una historia para nuestra autovaloraci\u00f3n.<\/p>\n<p>\u2022 24 p\u00e1ginas<br \/>\n\u2022 Tama\u00f1o 15&#215;15 cm<\/p>\n","protected":false},"excerpt":{"rendered":"<p>Libro infantil que por medio de la historia de la ratona Anal\u00eds podemos ense\u00f1ar a nuestros ni\u00f1os sobre autovaloraci\u00f3n, con una sencilla historia aprenderemos a vernos de la manera correcta.<\/p>\n","protected":false},"featured_media":331,"comment_status":"open","ping_status":"closed","template":"","meta":{"_et_pb_use_builder":"","_et_pb_old_content":"","_et_gb_content_width":""},"product_brand":[],"product_cat":[26,32],"product_tag":[71,70,68,29,69],"class_list":{"0":"post-326","1":"product","2":"type-product","3":"status-publish","4":"has-post-thumbnail","6":"product_cat-libros","7":"product_cat-infantiles","8":"product_tag-autoestima","9":"product_tag-autovaloracion","10":"product_tag-el-valle-de-los-espejos","11":"product_tag-libro-infantil","12":"product_tag-valle-de-los-espejos","14":"first","15":"instock","16":"featured","17":"taxable","18":"shipping-taxable","19":"purchasable","20":"product-type-simple"},"jetpack_sharing_enabled":true,"_links":{"self":[{"href":"https:\/\/blessingloaf.com\/index.php\/wp-json\/wp\/v2\/product\/326","targetHints":{"allow":["GET"]}}],"collection":[{"href":"https:\/\/blessingloaf.com\/index.php\/wp-json\/wp\/v2\/product"}],"about":[{"href":"https:\/\/blessingloaf.com\/index.php\/wp-json\/wp\/v2\/types\/product"}],"replies":[{"embeddable":true,"href":"https:\/\/blessingloaf.com\/index.php\/wp-json\/wp\/v2\/comments?post=326"}],"wp:featuredmedia":[{"embeddable":true,"href":"https:\/\/blessingloaf.com\/index.php\/wp-json\/wp\/v2\/media\/331"}],"wp:attachment":[{"href":"https:\/\/blessingloaf.com\/index.php\/wp-json\/wp\/v2\/media?parent=326"}],"wp:term":[{"taxonomy":"product_brand","embeddable":true,"href":"https:\/\/blessingloaf.com\/index.php\/wp-json\/wp\/v2\/product_brand?post=326"},{"taxonomy":"product_cat","embeddable":true,"href":"https:\/\/blessingloaf.com\/index.php\/wp-json\/wp\/v2\/product_cat?post=326"},{"taxonomy":"product_tag","embeddable":true,"href":"https:\/\/blessingloaf.com\/index.php\/wp-json\/wp\/v2\/product_tag?post=326"}],"curies":[{"name":"wp","href":"https:\/\/api.w.org\/{rel}","templated":true}]}}