{"id":234,"date":"2022-04-15T16:23:19","date_gmt":"2022-04-15T16:23:19","guid":{"rendered":"https:\/\/blessingloaf.com\/?post_type=product&#038;p=234"},"modified":"2025-12-20T19:08:17","modified_gmt":"2025-12-20T19:08:17","slug":"proclamas-por-nuestros-hijos-espanol","status":"publish","type":"product","link":"https:\/\/blessingloaf.com\/index.php\/product\/proclamas-por-nuestros-hijos-espanol\/","title":{"rendered":"Proclamas por nuestros hijos (espa\u00f1ol)"},"content":{"rendered":"<p>Libro devocional bellamente ilustrado a todo color, con el desaf\u00edo de levantar \u00abProclamas por nuestros hijos\u00bb durante 30 d\u00edas junto a la gu\u00eda de la Palabra de Dios. En estas p\u00e1ginas podr\u00e1s levantar una proclama diarias en tus oraciones, podr\u00e1s realizar anotaciones personales y llevar un registro de este proceso.<\/p>\n<p>\u2022 52 p\u00e1ginas<br \/>\n\u2022 Libro ilustrado<br \/>\n\u2022 Full color<br \/>\n\u2022 Tama\u00f1o 5.5&#215;8.5 in<br \/>\n\u2022 Portada full color, finalizado mate<\/p>\n","protected":false},"excerpt":{"rendered":"<p>Libro devocional bellamente ilustrado a todo color, con el desaf\u00edo de levantar \u00abProclamas por nuestros hijos\u00bb durante 30 d\u00edas junto a la gu\u00eda de la Palabra de Dios. En estas p\u00e1ginas podr\u00e1s levantar una proclama diarias en tus oraciones, podr\u00e1s realizar anotaciones personales y llevar un registro de este proceso.<\/p>\n","protected":false},"featured_media":235,"comment_status":"open","ping_status":"closed","template":"","meta":{"_et_pb_use_builder":"","_et_pb_old_content":"","_et_gb_content_width":""},"product_brand":[],"product_cat":[26,42],"product_tag":[47,45,46,48,44,43],"class_list":{"0":"post-234","1":"product","2":"type-product","3":"status-publish","4":"has-post-thumbnail","6":"product_cat-libros","7":"product_cat-devocional-familiar","8":"product_tag-bendiciendo-a-mis-hijos","9":"product_tag-devocional-de-oracion","10":"product_tag-devocional-de-proclamas","11":"product_tag-devocional-familiar","12":"product_tag-orando-por-mis-hijos","13":"product_tag-proclamas-para-mis-hijos","15":"first","16":"instock","17":"featured","18":"taxable","19":"shipping-taxable","20":"purchasable","21":"product-type-simple"},"jetpack_sharing_enabled":true,"_links":{"self":[{"href":"https:\/\/blessingloaf.com\/index.php\/wp-json\/wp\/v2\/product\/234","targetHints":{"allow":["GET"]}}],"collection":[{"href":"https:\/\/blessingloaf.com\/index.php\/wp-json\/wp\/v2\/product"}],"about":[{"href":"https:\/\/blessingloaf.com\/index.php\/wp-json\/wp\/v2\/types\/product"}],"replies":[{"embeddable":true,"href":"https:\/\/blessingloaf.com\/index.php\/wp-json\/wp\/v2\/comments?post=234"}],"wp:featuredmedia":[{"embeddable":true,"href":"https:\/\/blessingloaf.com\/index.php\/wp-json\/wp\/v2\/media\/235"}],"wp:attachment":[{"href":"https:\/\/blessingloaf.com\/index.php\/wp-json\/wp\/v2\/media?parent=234"}],"wp:term":[{"taxonomy":"product_brand","embeddable":true,"href":"https:\/\/blessingloaf.com\/index.php\/wp-json\/wp\/v2\/product_brand?post=234"},{"taxonomy":"product_cat","embeddable":true,"href":"https:\/\/blessingloaf.com\/index.php\/wp-json\/wp\/v2\/product_cat?post=234"},{"taxonomy":"product_tag","embeddable":true,"href":"https:\/\/blessingloaf.com\/index.php\/wp-json\/wp\/v2\/product_tag?post=234"}],"curies":[{"name":"wp","href":"https:\/\/api.w.org\/{rel}","templated":true}]}}