{"id":226,"date":"2022-04-13T10:40:54","date_gmt":"2022-04-13T10:40:54","guid":{"rendered":"https:\/\/blessingloaf.com\/?post_type=product&#038;p=226"},"modified":"2024-06-02T15:19:37","modified_gmt":"2024-06-02T15:19:37","slug":"el-valle-de-los-espejos-espanol-digital","status":"publish","type":"product","link":"https:\/\/blessingloaf.com\/index.php\/product\/el-valle-de-los-espejos-espanol-digital\/","title":{"rendered":"El Valle de los espejos (espa\u00f1ol-digital)"},"content":{"rendered":"<p>Libro infantil a trav\u00e9s del cual podr\u00e1s aprender atributos del car\u00e1cter del Padre Celestial y los nombres b\u00edblicos que lo representan. Descubre c\u00f3mo a trav\u00e9s de sus nombes el Padre nos revela su car\u00e1cter y la manera en la que El se manifiesta a nosotros cada d\u00eda de nuestra vida seg\u00fan nuestra necesidad.<\/p>\n<p>\u2022 22 p\u00e1ginas<br \/>\n\u2022 Formato PDF<\/p>\n","protected":false},"excerpt":{"rendered":"<p>Libro infantil que nos cuenta la historia de la peque\u00f1a ratoncita Anal\u00eds en el Valle de los espejos, cuento que nos ayuda a descubrir como nos miramos y quienes somos.<\/p>\n<p>\u2022 Libro para autovaloraci\u00f3n.<br \/>\n\u2022 Formato PDF<\/p>\n","protected":false},"featured_media":228,"comment_status":"open","ping_status":"closed","template":"","meta":{"_et_pb_use_builder":"","_et_pb_old_content":"","_et_gb_content_width":""},"product_brand":[],"product_cat":[33,34],"product_tag":[38,29,30,31],"class_list":{"0":"post-226","1":"product","2":"type-product","3":"status-publish","4":"has-post-thumbnail","6":"product_cat-libros-digitales","7":"product_cat-digital-infantil","8":"product_tag-conoce-al-padre-celestial","9":"product_tag-libro-infantil","10":"product_tag-libro-sencillo-sobre-los-nombres-de-dios","11":"product_tag-los-nombres-de-dios","13":"first","14":"instock","15":"featured","16":"downloadable","17":"virtual","18":"taxable","19":"purchasable","20":"product-type-simple"},"jetpack_sharing_enabled":true,"_links":{"self":[{"href":"https:\/\/blessingloaf.com\/index.php\/wp-json\/wp\/v2\/product\/226","targetHints":{"allow":["GET"]}}],"collection":[{"href":"https:\/\/blessingloaf.com\/index.php\/wp-json\/wp\/v2\/product"}],"about":[{"href":"https:\/\/blessingloaf.com\/index.php\/wp-json\/wp\/v2\/types\/product"}],"replies":[{"embeddable":true,"href":"https:\/\/blessingloaf.com\/index.php\/wp-json\/wp\/v2\/comments?post=226"}],"wp:featuredmedia":[{"embeddable":true,"href":"https:\/\/blessingloaf.com\/index.php\/wp-json\/wp\/v2\/media\/228"}],"wp:attachment":[{"href":"https:\/\/blessingloaf.com\/index.php\/wp-json\/wp\/v2\/media?parent=226"}],"wp:term":[{"taxonomy":"product_brand","embeddable":true,"href":"https:\/\/blessingloaf.com\/index.php\/wp-json\/wp\/v2\/product_brand?post=226"},{"taxonomy":"product_cat","embeddable":true,"href":"https:\/\/blessingloaf.com\/index.php\/wp-json\/wp\/v2\/product_cat?post=226"},{"taxonomy":"product_tag","embeddable":true,"href":"https:\/\/blessingloaf.com\/index.php\/wp-json\/wp\/v2\/product_tag?post=226"}],"curies":[{"name":"wp","href":"https:\/\/api.w.org\/{rel}","templated":true}]}}