{"id":16,"date":"2022-02-10T11:23:02","date_gmt":"2022-02-10T11:23:02","guid":{"rendered":"http:\/\/blessingloaf.com\/index.php\/product\/v-neck-t-shirt\/"},"modified":"2025-05-24T02:00:11","modified_gmt":"2025-05-24T02:00:11","slug":"li-cap-es","status":"publish","type":"product","link":"https:\/\/blessingloaf.com\/index.php\/product\/li-cap-es\/","title":{"rendered":"Conociendo al Padre (espa\u00f1ol)"},"content":{"rendered":"<p>Libro infantil a trav\u00e9s del cual podr\u00e1s aprender atributos del car\u00e1cter del Padre Celestial y los nombres b\u00edblicos que lo representan. Descubre c\u00f3mo a trav\u00e9s de sus nombes el Padre nos revela su car\u00e1cter y la manera en la que El se manifiesta a nosotros cada d\u00eda de nuestra vida seg\u00fan nuestra necesidad.<\/p>\n<p>\u2022 44 p\u00e1ginas<br \/>\n\u2022 Tama\u00f1o 15&#215;15 cm<\/p>\n","protected":false},"excerpt":{"rendered":"<p>Libro infantil a trav\u00e9s del cual podr\u00e1s aprender atributos del car\u00e1cter del Padre Celestial y los nombres b\u00edblicos que lo representan. Descubre c\u00f3mo a trav\u00e9s de sus nombes el Padre nos revela su car\u00e1cter y la manera en la que El se manifiesta a nosotros cada d\u00eda de nuestra vida seg\u00fan nuestra necesidad.<\/p>\n","protected":false},"featured_media":212,"comment_status":"open","ping_status":"closed","template":"","meta":{"_et_pb_use_builder":"","_et_pb_old_content":"","_et_gb_content_width":""},"product_brand":[],"product_cat":[26,32],"product_tag":[29,30,31],"class_list":{"0":"post-16","1":"product","2":"type-product","3":"status-publish","4":"has-post-thumbnail","6":"product_cat-libros","7":"product_cat-infantiles","8":"product_tag-libro-infantil","9":"product_tag-libro-sencillo-sobre-los-nombres-de-dios","10":"product_tag-los-nombres-de-dios","12":"first","13":"instock","14":"featured","15":"taxable","16":"shipping-taxable","17":"purchasable","18":"product-type-simple"},"jetpack_sharing_enabled":true,"_links":{"self":[{"href":"https:\/\/blessingloaf.com\/index.php\/wp-json\/wp\/v2\/product\/16","targetHints":{"allow":["GET"]}}],"collection":[{"href":"https:\/\/blessingloaf.com\/index.php\/wp-json\/wp\/v2\/product"}],"about":[{"href":"https:\/\/blessingloaf.com\/index.php\/wp-json\/wp\/v2\/types\/product"}],"replies":[{"embeddable":true,"href":"https:\/\/blessingloaf.com\/index.php\/wp-json\/wp\/v2\/comments?post=16"}],"wp:featuredmedia":[{"embeddable":true,"href":"https:\/\/blessingloaf.com\/index.php\/wp-json\/wp\/v2\/media\/212"}],"wp:attachment":[{"href":"https:\/\/blessingloaf.com\/index.php\/wp-json\/wp\/v2\/media?parent=16"}],"wp:term":[{"taxonomy":"product_brand","embeddable":true,"href":"https:\/\/blessingloaf.com\/index.php\/wp-json\/wp\/v2\/product_brand?post=16"},{"taxonomy":"product_cat","embeddable":true,"href":"https:\/\/blessingloaf.com\/index.php\/wp-json\/wp\/v2\/product_cat?post=16"},{"taxonomy":"product_tag","embeddable":true,"href":"https:\/\/blessingloaf.com\/index.php\/wp-json\/wp\/v2\/product_tag?post=16"}],"curies":[{"name":"wp","href":"https:\/\/api.w.org\/{rel}","templated":true}]}}