{"id":141,"date":"2022-02-20T13:38:33","date_gmt":"2022-02-20T13:38:33","guid":{"rendered":"https:\/\/blessingloaf.com\/?page_id=141"},"modified":"2022-06-04T17:31:18","modified_gmt":"2022-06-04T17:31:18","slug":"141-2","status":"publish","type":"page","link":"https:\/\/blessingloaf.com\/index.php\/141-2\/","title":{"rendered":"Editorial"},"content":{"rendered":"<p>[et_pb_section fb_built=\u00bb1&#8243; admin_label=\u00bbHeader\u00bb _builder_version=\u00bb4.16&#8243; use_background_color_gradient=\u00bbon\u00bb background_color_gradient_direction=\u00bb188deg\u00bb background_color_gradient_stops=\u00bb#ffffff 25%|rgba(255,255,255,0) 100%\u00bb background_color_gradient_overlays_image=\u00bbon\u00bb background_color_gradient_start=\u00bb#ffffff\u00bb background_color_gradient_start_position=\u00bb25%\u00bb background_color_gradient_end=\u00bbrgba(255,255,255,0)\u00bb background_image=\u00bbhttp:\/\/blessingloaf.com\/wp-content\/uploads\/2022\/02\/calligraphy_78.jpg\u00bb width=\u00bb100%\u00bb max_width=\u00bb100%\u00bb max_width_tablet=\u00bb\u00bb max_width_phone=\u00bb\u00bb max_width_last_edited=\u00bbon|desktop\u00bb custom_padding=\u00bb0px||0px||true|false\u00bb global_colors_info=\u00bb{}\u00bb][et_pb_row use_custom_gutter=\u00bbon\u00bb make_equal=\u00bbon\u00bb custom_padding_last_edited=\u00bboff|phone\u00bb _builder_version=\u00bb4.16&#8243; background_image=\u00bbhttp:\/\/blessingloaf.com\/wp-content\/uploads\/2022\/02\/calligraphy_brushes_17.png\u00bb background_position=\u00bbbottom_center\u00bb width=\u00bb100%\u00bb max_width=\u00bb100%\u00bb min_height=\u00bb27px\u00bb custom_padding=\u00bb0px||||false\u00bb global_colors_info=\u00bb{}\u00bb][et_pb_column type=\u00bb4_4&#8243; _builder_version=\u00bb4.16&#8243; custom_padding=\u00bb|||\u00bb global_colors_info=\u00bb{}\u00bb custom_padding__hover=\u00bb|||\u00bb][et_pb_text _builder_version=\u00bb4.16&#8243; text_font=\u00bbAllura||||||||\u00bb text_font_size=\u00bb28vw\u00bb text_line_height=\u00bb0.2em\u00bb header_3_font=\u00bb||||||||\u00bb text_orientation=\u00bbright\u00bb filter_opacity=\u00bb9%\u00bb global_colors_info=\u00bb{}\u00bb]abc[\/et_pb_text][\/et_pb_column][\/et_pb_row][et_pb_row custom_padding_last_edited=\u00bboff|phone\u00bb padding_top_bottom_link_1=\u00bbtrue\u00bb padding_left_right_link_1=\u00bbtrue\u00bb _builder_version=\u00bb4.16&#8243; background_position=\u00bbbottom_center\u00bb max_width=\u00bb80%\u00bb custom_margin=\u00bb4vw|||\u00bb custom_padding_tablet=\u00bb17vw||17vw||false\u00bb use_custom_width=\u00bbon\u00bb width_unit=\u00bboff\u00bb custom_width_percent=\u00bb100%\u00bb global_colors_info=\u00bb{}\u00bb][et_pb_column type=\u00bb4_4&#8243; _builder_version=\u00bb4.16&#8243; custom_padding=\u00bb|||\u00bb custom_padding_tablet=\u00bb60px||60px||true\u00bb custom_padding_phone=\u00bb40px||40px||true\u00bb custom_padding_last_edited=\u00bboff|phone\u00bb global_colors_info=\u00bb{}\u00bb custom_padding__hover=\u00bb|||\u00bb][et_pb_text _builder_version=\u00bb4.16&#8243; text_font=\u00bb||||||||\u00bb header_font=\u00bbMuli|800||on|||||\u00bb header_font_size=\u00bb22px\u00bb header_letter_spacing=\u00bb0.5em\u00bb header_line_height=\u00bb2em\u00bb max_width=\u00bb300px\u00bb max_width_tablet=\u00bb70%\u00bb max_width_last_edited=\u00bboff|phone\u00bb animation_style=\u00bbzoom\u00bb animation_intensity_zoom=\u00bb5%\u00bb header_font_size_tablet=\u00bb12px\u00bb header_font_size_phone=\u00bb11px\u00bb header_font_size_last_edited=\u00bbon|phone\u00bb header_letter_spacing_last_edited=\u00bboff|desktop\u00bb global_colors_info=\u00bb{}\u00bb]<\/p>\n<h1>DESARROLLO<\/h1>\n<p>[\/et_pb_text][et_pb_text _builder_version=\u00bb4.16&#8243; text_font=\u00bb||||||||\u00bb header_font=\u00bb||||||||\u00bb header_2_font=\u00bbAllura||||||||\u00bb header_2_font_size=\u00bb13vw\u00bb header_2_line_height=\u00bb1.2em\u00bb transform_translate_linked=\u00bboff\u00bb transform_rotate=\u00bb0deg|0deg|350deg\u00bb max_width=\u00bb100%\u00bb max_width_tablet=\u00bb70%\u00bb max_width_last_edited=\u00bboff|phone\u00bb custom_margin=\u00bb-6vw||\u00bb header_2_font_size_tablet=\u00bb\u00bb header_2_font_size_phone=\u00bb\u00bb header_2_font_size_last_edited=\u00bbon|phone\u00bb text_text_shadow_style=\u00bbpreset1&#8243; text_text_shadow_vertical_length=\u00bb2em\u00bb text_text_shadow_blur_strength=\u00bb3em\u00bb text_text_shadow_color=\u00bbrgba(0,0,0,0.32)\u00bb global_colors_info=\u00bb{}\u00bb]<\/p>\n<h2>Editorial<\/h2>\n<p>[\/et_pb_text][\/et_pb_column][\/et_pb_row][et_pb_row column_structure=\u00bb1_3,1_3,1_3&#8243; use_custom_gutter=\u00bbon\u00bb gutter_width=\u00bb1&#8243; _builder_version=\u00bb4.16&#8243; locked=\u00bboff\u00bb global_colors_info=\u00bb{}\u00bb][et_pb_column type=\u00bb1_3&#8243; _builder_version=\u00bb4.16&#8243; custom_padding=\u00bb|||\u00bb global_colors_info=\u00bb{}\u00bb custom_padding__hover=\u00bb|||\u00bb][et_pb_text _builder_version=\u00bb4.17.1&#8243; text_font=\u00bbMuli|600||on|||||\u00bb text_text_color=\u00bb#000000&#8243; text_font_size=\u00bb12px\u00bb text_letter_spacing=\u00bb4px\u00bb text_line_height=\u00bb2em\u00bb header_font=\u00bb||||||||\u00bb header_6_font=\u00bbMontserrat||||||||\u00bb header_6_letter_spacing=\u00bb0.5vw\u00bb header_6_line_height=\u00bb2em\u00bb text_orientation=\u00bbcenter\u00bb max_width_tablet=\u00bb70%\u00bb max_width_last_edited=\u00bboff|phone\u00bb custom_margin=\u00bb|-1px||\u00bb custom_padding=\u00bb16px||16px||true\u00bb animation_style=\u00bbzoom\u00bb animation_intensity_zoom=\u00bb5%\u00bb link_option_url=\u00bb#\u00bb hover_enabled=\u00bb0&#8243; border_width_all=\u00bb1px\u00bb border_color_all=\u00bbrgba(51,51,51,0.11)\u00bb border_width_top=\u00bb0px\u00bb border_width_bottom=\u00bb0px\u00bb locked=\u00bboff\u00bb global_colors_info=\u00bb{}\u00bb box_shadow_vertical__hover_enabled=\u00bbon\u00bb border_width_bottom__hover_enabled=\u00bbon\u00bb border_width_bottom__hover=\u00bb1px\u00bb sticky_enabled=\u00bb0&#8243;]<\/p>\n<p>Libros<\/p>\n<p>[\/et_pb_text][\/et_pb_column][et_pb_column type=\u00bb1_3&#8243; _builder_version=\u00bb4.16&#8243; custom_padding=\u00bb|||\u00bb global_colors_info=\u00bb{}\u00bb custom_padding__hover=\u00bb|||\u00bb][et_pb_text _builder_version=\u00bb4.17.1&#8243; text_font=\u00bbMuli|600||on|||||\u00bb text_text_color=\u00bb#000000&#8243; text_font_size=\u00bb12px\u00bb text_letter_spacing=\u00bb4px\u00bb text_line_height=\u00bb2em\u00bb header_font=\u00bb||||||||\u00bb header_6_font=\u00bbMontserrat||||||||\u00bb header_6_letter_spacing=\u00bb0.5vw\u00bb header_6_line_height=\u00bb2em\u00bb text_orientation=\u00bbcenter\u00bb max_width_tablet=\u00bb70%\u00bb max_width_last_edited=\u00bboff|phone\u00bb custom_margin=\u00bb|-1px||\u00bb custom_padding=\u00bb16px||16px||true\u00bb animation_style=\u00bbzoom\u00bb animation_intensity_zoom=\u00bb5%\u00bb link_option_url=\u00bb#\u00bb hover_enabled=\u00bb0&#8243; border_width_all=\u00bb1px\u00bb border_color_all=\u00bbrgba(51,51,51,0.11)\u00bb border_width_top=\u00bb0px\u00bb border_width_bottom=\u00bb0px\u00bb locked=\u00bboff\u00bb global_colors_info=\u00bb{}\u00bb box_shadow_vertical__hover_enabled=\u00bbon\u00bb border_width_bottom__hover_enabled=\u00bbon\u00bb border_width_bottom__hover=\u00bb1px\u00bb sticky_enabled=\u00bb0&#8243;]<\/p>\n<p>Revistas<\/p>\n<p>[\/et_pb_text][\/et_pb_column][et_pb_column type=\u00bb1_3&#8243; _builder_version=\u00bb4.16&#8243; custom_padding=\u00bb|||\u00bb global_colors_info=\u00bb{}\u00bb custom_padding__hover=\u00bb|||\u00bb][\/et_pb_column][\/et_pb_row][et_pb_row _builder_version=\u00bb4.16&#8243; width=\u00bb100%\u00bb max_width=\u00bb100%\u00bb custom_margin=\u00bb|||||\u00bb custom_padding=\u00bb||0px|||\u00bb global_colors_info=\u00bb{}\u00bb][et_pb_column type=\u00bb4_4&#8243; _builder_version=\u00bb4.16&#8243; custom_padding=\u00bb|||\u00bb global_colors_info=\u00bb{}\u00bb custom_padding__hover=\u00bb|||\u00bb][et_pb_image src=\u00bbhttp:\/\/blessingloaf.com\/wp-content\/uploads\/2022\/02\/calligraphy_54.png\u00bb force_fullwidth=\u00bbon\u00bb align_tablet=\u00bbcenter\u00bb align_phone=\u00bbcenter\u00bb align_last_edited=\u00bbon|desktop\u00bb _builder_version=\u00bb4.16&#8243; global_colors_info=\u00bb{}\u00bb][\/et_pb_image][\/et_pb_column][\/et_pb_row][\/et_pb_section][et_pb_section fb_built=\u00bb1&#8243; admin_label=\u00bbService\u00bb _builder_version=\u00bb4.16&#8243; background_image=\u00bbhttp:\/\/blessingloaf.com\/wp-content\/uploads\/2022\/02\/calligraphy_59.jpg\u00bb background_size=\u00bbinitial\u00bb background_position=\u00bbtop_center\u00bb global_colors_info=\u00bb{}\u00bb][et_pb_row column_structure=\u00bb1_2,1_2&#8243; _builder_version=\u00bb4.16&#8243; global_colors_info=\u00bb{}\u00bb][et_pb_column type=\u00bb1_2&#8243; _builder_version=\u00bb4.16&#8243; custom_padding=\u00bb|||\u00bb global_colors_info=\u00bb{}\u00bb custom_padding__hover=\u00bb|||\u00bb][et_pb_image src=\u00bbhttp:\/\/blessingloaf.com\/wp-content\/uploads\/2022\/02\/calligraphy_74.png\u00bb _builder_version=\u00bb4.16&#8243; background_image=\u00bbhttp:\/\/blessingloaf.com\/wp-content\/uploads\/2022\/02\/calligraphy_39.jpg\u00bb custom_padding_tablet=\u00bb|509px||0px\u00bb custom_padding_phone=\u00bb|279px||\u00bb custom_padding_last_edited=\u00bboff|phone\u00bb always_center_on_mobile=\u00bboff\u00bb locked=\u00bboff\u00bb global_colors_info=\u00bb{}\u00bb][\/et_pb_image][\/et_pb_column][et_pb_column type=\u00bb1_2&#8243; _builder_version=\u00bb4.16&#8243; custom_padding=\u00bb|||\u00bb global_colors_info=\u00bb{}\u00bb custom_padding__hover=\u00bb|||\u00bb][et_pb_text _builder_version=\u00bb4.17.1&#8243; text_font=\u00bbMuli||||||||\u00bb text_font_size=\u00bb17px\u00bb text_line_height=\u00bb2em\u00bb header_font=\u00bb||||||||\u00bb header_3_font=\u00bbMontserrat|600|||||||\u00bb header_3_font_size=\u00bb70px\u00bb header_3_line_height=\u00bb1.2em\u00bb custom_margin=\u00bb50px|||-100px\u00bb custom_margin_tablet=\u00bb|||0px\u00bb custom_margin_phone=\u00bb\u00bb custom_margin_last_edited=\u00bbon|desktop\u00bb hover_enabled=\u00bb0&#8243; header_3_font_size_tablet=\u00bb50px\u00bb header_3_font_size_phone=\u00bb30px\u00bb header_3_font_size_last_edited=\u00bbon|phone\u00bb locked=\u00bboff\u00bb global_colors_info=\u00bb{}\u00bb sticky_enabled=\u00bb0&#8243;]<\/p>\n<h3>Dise\u00f1amos tu libro<\/h3>\n<p>[\/et_pb_text][et_pb_text _builder_version=\u00bb4.17.1&#8243; text_font=\u00bbMuli||||||||\u00bb text_font_size=\u00bb17px\u00bb text_line_height=\u00bb2em\u00bb header_font=\u00bb||||||||\u00bb header_2_font=\u00bbMontserrat|600|||||||\u00bb header_2_font_size=\u00bb80px\u00bb header_2_line_height=\u00bb1.2em\u00bb background_color_gradient_direction=\u00bb90deg\u00bb custom_margin=\u00bb||40px|\u00bb custom_margin_last_edited=\u00bboff|desktop\u00bb hover_enabled=\u00bb0&#8243; header_2_font_size_tablet=\u00bb50px\u00bb header_2_font_size_phone=\u00bb30px\u00bb header_2_font_size_last_edited=\u00bbon|phone\u00bb locked=\u00bboff\u00bb global_colors_info=\u00bb{}\u00bb sticky_enabled=\u00bb0&#8243;]<\/p>\n<p>Escribe tu libro y nosotros lo editamos e imprimimos.<\/p>\n<p>[\/et_pb_text][et_pb_toggle title=\u00bb1. Escribe\u00bb open_toggle_text_color=\u00bb#000000&#8243; open_toggle_background_color=\u00bbrgba(0,0,0,0)\u00bb closed_toggle_text_color=\u00bb#000000&#8243; closed_toggle_background_color=\u00bbrgba(0,0,0,0)\u00bb _builder_version=\u00bb4.17.1&#8243; title_font=\u00bbMuli|800||on|||||\u00bb title_font_size=\u00bb14px\u00bb title_letter_spacing=\u00bb2px\u00bb title_line_height=\u00bb2em\u00bb body_font=\u00bbMuli||||||||\u00bb body_font_size=\u00bb17px\u00bb body_line_height=\u00bb2em\u00bb hover_enabled=\u00bb0&#8243; body_font_size_tablet=\u00bb\u00bb body_font_size_phone=\u00bb15px\u00bb body_font_size_last_edited=\u00bbon|desktop\u00bb body_line_height_tablet=\u00bb\u00bb body_line_height_phone=\u00bb1.7em\u00bb body_line_height_last_edited=\u00bbon|phone\u00bb global_colors_info=\u00bb{}\u00bb sticky_enabled=\u00bb0&#8243;]<\/p>\n<p>Escribe tu libro en el programa word en hoja tama\u00f1o carta, tama\u00f1o de letra 12 pt, tipograf\u00eda Times a espacio doble.<\/p>\n<p>[\/et_pb_toggle][et_pb_toggle title=\u00bb2. Revisi\u00f3n\u00bb open_toggle_text_color=\u00bb#000000&#8243; open_toggle_background_color=\u00bbrgba(0,0,0,0)\u00bb closed_toggle_text_color=\u00bb#000000&#8243; closed_toggle_background_color=\u00bbrgba(0,0,0,0)\u00bb _builder_version=\u00bb4.17.1&#8243; title_font=\u00bbMuli|800||on|||||\u00bb title_font_size=\u00bb14px\u00bb title_letter_spacing=\u00bb2px\u00bb title_line_height=\u00bb2em\u00bb body_font=\u00bbMuli||||||||\u00bb body_font_size=\u00bb17px\u00bb body_line_height=\u00bb2em\u00bb hover_enabled=\u00bb0&#8243; body_font_size_tablet=\u00bb\u00bb body_font_size_phone=\u00bb15px\u00bb body_font_size_last_edited=\u00bbon|desktop\u00bb body_line_height_tablet=\u00bb\u00bb body_line_height_phone=\u00bb1.7em\u00bb body_line_height_last_edited=\u00bbon|phone\u00bb global_colors_info=\u00bb{}\u00bb sticky_enabled=\u00bb0&#8243;]<\/p>\n<p>Recibimos tu archivo y comenzamos a revisarlo, tanto contenido como ortograf\u00eda.<\/p>\n<p>[\/et_pb_toggle][et_pb_toggle title=\u00bb3. Diagramaci\u00f3n\u00bb open_toggle_text_color=\u00bb#000000&#8243; open_toggle_background_color=\u00bbrgba(0,0,0,0)\u00bb closed_toggle_text_color=\u00bb#000000&#8243; closed_toggle_background_color=\u00bbrgba(0,0,0,0)\u00bb _builder_version=\u00bb4.17.1&#8243; title_font=\u00bbMuli|800||on|||||\u00bb title_font_size=\u00bb14px\u00bb title_letter_spacing=\u00bb2px\u00bb title_line_height=\u00bb2em\u00bb body_font=\u00bbMuli||||||||\u00bb body_font_size=\u00bb17px\u00bb body_line_height=\u00bb2em\u00bb hover_enabled=\u00bb0&#8243; body_font_size_tablet=\u00bb\u00bb body_font_size_phone=\u00bb15px\u00bb body_font_size_last_edited=\u00bbon|desktop\u00bb body_line_height_tablet=\u00bb\u00bb body_line_height_phone=\u00bb1.7em\u00bb body_line_height_last_edited=\u00bbon|phone\u00bb global_colors_info=\u00bb{}\u00bb sticky_enabled=\u00bb0&#8243;]<\/p>\n<p>Iniciamos la etapa de dise\u00f1o y diagramaci\u00f3n de tu libro.<\/p>\n<p>[\/et_pb_toggle][et_pb_toggle title=\u00bb4. Listo para producci\u00f3n\u00bb open_toggle_text_color=\u00bb#000000&#8243; open_toggle_background_color=\u00bbrgba(0,0,0,0)\u00bb closed_toggle_text_color=\u00bb#000000&#8243; closed_toggle_background_color=\u00bbrgba(0,0,0,0)\u00bb _builder_version=\u00bb4.17.1&#8243; title_font=\u00bbMuli|800||on|||||\u00bb title_font_size=\u00bb14px\u00bb title_letter_spacing=\u00bb2px\u00bb title_line_height=\u00bb2em\u00bb body_font=\u00bbMuli||||||||\u00bb body_font_size=\u00bb17px\u00bb body_line_height=\u00bb2em\u00bb hover_enabled=\u00bb0&#8243; body_font_size_tablet=\u00bb\u00bb body_font_size_phone=\u00bb15px\u00bb body_font_size_last_edited=\u00bbon|desktop\u00bb body_line_height_tablet=\u00bb\u00bb body_line_height_phone=\u00bb1.7em\u00bb body_line_height_last_edited=\u00bbon|phone\u00bb global_colors_info=\u00bb{}\u00bb sticky_enabled=\u00bb0&#8243;]<\/p>\n<p>Tu libro estar\u00e1 listo para publicaci\u00f3n en plataformas digitales e impresi\u00f3n.<\/p>\n<p>[\/et_pb_toggle][\/et_pb_column][\/et_pb_row][\/et_pb_section][et_pb_section fb_built=\u00bb1&#8243; admin_label=\u00bbFooter\u00bb _builder_version=\u00bb4.16&#8243; use_background_color_gradient=\u00bbon\u00bb background_color_gradient_direction=\u00bb90deg\u00bb background_color_gradient_stops=\u00bb#eaeaea 40%|rgba(255,255,255,0) 100%\u00bb background_color_gradient_overlays_image=\u00bbon\u00bb background_color_gradient_start=\u00bb#eaeaea\u00bb background_color_gradient_start_position=\u00bb40%\u00bb background_color_gradient_end=\u00bbrgba(255,255,255,0)\u00bb background_image=\u00bbhttp:\/\/blessingloaf.com\/wp-content\/uploads\/2022\/02\/calligraphy_32.jpg\u00bb background_position=\u00bbcenter_left\u00bb width=\u00bb100%\u00bb max_width=\u00bb100%\u00bb max_width_tablet=\u00bb\u00bb max_width_phone=\u00bb\u00bb max_width_last_edited=\u00bbon|desktop\u00bb custom_padding=\u00bb0px||0px||true|false\u00bb global_colors_info=\u00bb{}\u00bb][et_pb_row use_custom_gutter=\u00bbon\u00bb make_equal=\u00bbon\u00bb custom_padding_last_edited=\u00bbon|phone\u00bb _builder_version=\u00bb4.16&#8243; background_image=\u00bbhttp:\/\/blessingloaf.com\/wp-content\/uploads\/2022\/02\/calligraphy_68.png\u00bb background_position=\u00bbbottom_center\u00bb width=\u00bb100%\u00bb max_width=\u00bb100%\u00bb min_height=\u00bb27px\u00bb custom_margin=\u00bb||60px\u00bb custom_padding=\u00bb0px||5vw||false\u00bb custom_padding_tablet=\u00bb\u00bb custom_padding_phone=\u00bb\u00bb global_colors_info=\u00bb{}\u00bb][et_pb_column type=\u00bb4_4&#8243; _builder_version=\u00bb4.16&#8243; custom_padding=\u00bb|||\u00bb global_colors_info=\u00bb{}\u00bb custom_padding__hover=\u00bb|||\u00bb][et_pb_text _builder_version=\u00bb4.16&#8243; text_font=\u00bbAllura||||||||\u00bb text_font_size=\u00bb28vw\u00bb text_line_height=\u00bb0.2em\u00bb header_3_font=\u00bb||||||||\u00bb text_orientation=\u00bbright\u00bb filter_opacity=\u00bb9%\u00bb locked=\u00bboff\u00bb global_colors_info=\u00bb{}\u00bb]<\/p>\n<p>escribe<\/p>\n<p>[\/et_pb_text][\/et_pb_column][\/et_pb_row][et_pb_row custom_padding_last_edited=\u00bboff|tablet\u00bb _builder_version=\u00bb4.16&#8243; width=\u00bb100%\u00bb max_width=\u00bb100%\u00bb min_height=\u00bb27px\u00bb custom_padding=\u00bb||0px|||\u00bb locked=\u00bboff\u00bb global_colors_info=\u00bb{}\u00bb][et_pb_column type=\u00bb4_4&#8243; _builder_version=\u00bb4.16&#8243; custom_padding=\u00bb|||\u00bb global_colors_info=\u00bb{}\u00bb custom_padding__hover=\u00bb|||\u00bb][et_pb_image src=\u00bbhttp:\/\/blessingloaf.com\/wp-content\/uploads\/2022\/02\/calligraphy_brushes_17.png\u00bb align_tablet=\u00bbcenter\u00bb align_phone=\u00bbcenter\u00bb align_last_edited=\u00bbon|desktop\u00bb _builder_version=\u00bb4.16&#8243; global_colors_info=\u00bb{}\u00bb][\/et_pb_image][\/et_pb_column][\/et_pb_row][\/et_pb_section]<\/p>\n","protected":false},"excerpt":{"rendered":"<p>abcDESARROLLOEditorialLibrosRevistasDise\u00f1amos tu libroEscribe tu libro y nosotros lo editamos e imprimimos.Escribe tu libro en el programa word en hoja tama\u00f1o carta, tama\u00f1o de letra 12 pt, tipograf\u00eda Times a espacio doble.Recibimos tu archivo y comenzamos a revisarlo, tanto contenido como ortograf\u00eda.Iniciamos la etapa de dise\u00f1o y diagramaci\u00f3n de tu libro.Tu libro estar\u00e1 listo para publicaci\u00f3n [&hellip;]<\/p>\n","protected":false},"author":1,"featured_media":0,"parent":0,"menu_order":0,"comment_status":"closed","ping_status":"closed","template":"","meta":{"_et_pb_use_builder":"on","_et_pb_old_content":"","_et_gb_content_width":"","footnotes":""},"class_list":["post-141","page","type-page","status-publish","hentry"],"jetpack_sharing_enabled":true,"_links":{"self":[{"href":"https:\/\/blessingloaf.com\/index.php\/wp-json\/wp\/v2\/pages\/141","targetHints":{"allow":["GET"]}}],"collection":[{"href":"https:\/\/blessingloaf.com\/index.php\/wp-json\/wp\/v2\/pages"}],"about":[{"href":"https:\/\/blessingloaf.com\/index.php\/wp-json\/wp\/v2\/types\/page"}],"author":[{"embeddable":true,"href":"https:\/\/blessingloaf.com\/index.php\/wp-json\/wp\/v2\/users\/1"}],"replies":[{"embeddable":true,"href":"https:\/\/blessingloaf.com\/index.php\/wp-json\/wp\/v2\/comments?post=141"}],"version-history":[{"count":5,"href":"https:\/\/blessingloaf.com\/index.php\/wp-json\/wp\/v2\/pages\/141\/revisions"}],"predecessor-version":[{"id":316,"href":"https:\/\/blessingloaf.com\/index.php\/wp-json\/wp\/v2\/pages\/141\/revisions\/316"}],"wp:attachment":[{"href":"https:\/\/blessingloaf.com\/index.php\/wp-json\/wp\/v2\/media?parent=141"}],"curies":[{"name":"wp","href":"https:\/\/api.w.org\/{rel}","templated":true}]}}